{"id":12023,"date":"2019-10-10T18:35:38","date_gmt":"2019-10-10T16:35:38","guid":{"rendered":"http:\/\/lacombet-001-site26.dtempurl.com\/?page_id=12023"},"modified":"2024-05-01T15:19:46","modified_gmt":"2024-05-01T13:19:46","slug":"12023-2","status":"publish","type":"page","link":"https:\/\/newdestiny.fr\/?page_id=12023","title":{"rendered":"Animaux \u00e0 adopter"},"content":{"rendered":"\n\n        <div class=\"vp-portfolio vp-uid-d1f89b2f vp-id-12137 \"\n            data-vp-layout=\"tiles\" data-vp-items-style=\"emerge\" data-vp-items-click-action=\"url\" data-vp-items-gap=\"15\" data-vp-pagination=\"load-more\" data-vp-next-page-url=\"\" data-vp-tiles-type=\"4|1,1|\"         >\n            <div class=\"vp-portfolio__preloader-wrap\">\n                <div class=\"vp-portfolio__preloader\"><span><\/span><span><\/span><span><\/span><span><\/span><i><\/i><\/div>\n            <\/div>\n\n                <div class=\"vp-portfolio__filter-wrap\">\n        \n<ul class=\"vp-filter vp-filter__align-center vp-filter__style-default\">\n            <li class=\"vp-filter__item vp-filter__item-active\">\n            <a href=\"https:\/\/newdestiny.fr\/?rest_route=%2Fwp%2Fv2%2Fpages%2F12023\" data-vp-filter=\"*\">\n                Tous\n                            <\/a>\n        <\/li>\n                <li class=\"vp-filter__item\">\n            <a href=\"https:\/\/newdestiny.fr\/?rest_route=%2Fwp%2Fv2%2Fpages%2F12023&#038;vp_filter=category%3Achats\" data-vp-filter=\"chats\">\n                Chats\n                            <\/a>\n        <\/li>\n                <li class=\"vp-filter__item\">\n            <a href=\"https:\/\/newdestiny.fr\/?rest_route=%2Fwp%2Fv2%2Fpages%2F12023&#038;vp_filter=category%3Achiens\" data-vp-filter=\"chiens\">\n                Chiens\n                            <\/a>\n        <\/li>\n        <\/ul>\n        <\/div>\n        \n        <div class=\"vp-portfolio__items-wrap\">\n            <div class=\"vp-portfolio__items vp-portfolio__items-style-emerge\">\n                \n        <article class=\"vp-portfolio__item-wrap post-14673 post type-post status-publish format-standard has-post-thumbnail hentry category-chats tag-a-adopter\" data-vp-filter=\"chats\">\n                        <figure class=\"vp-portfolio__item\">\n                \n<div class=\"vp-portfolio__item-img-wrap\">\n    <div class=\"vp-portfolio__item-img\">\n                    <a href=\"https:\/\/newdestiny.fr\/?p=14673\"\n                            >\n                <noscript><img loading=\"lazy\" decoding=\"async\" width=\"500\" height=\"500\" src=\"https:\/\/newdestiny.fr\/wp-content\/uploads\/2024\/05\/USHIKO.png\" class=\"attachment-vp_lg size-vp_lg\" alt=\"\" srcset=\"https:\/\/newdestiny.fr\/wp-content\/uploads\/2024\/05\/USHIKO.png 500w, https:\/\/newdestiny.fr\/wp-content\/uploads\/2024\/05\/USHIKO-300x300.png 300w, https:\/\/newdestiny.fr\/wp-content\/uploads\/2024\/05\/USHIKO-150x150.png 150w, https:\/\/newdestiny.fr\/wp-content\/uploads\/2024\/05\/USHIKO-100x100.png 100w\" sizes=\"100vw\" \/><\/noscript>\n                <img loading=\"lazy\" decoding=\"async\" width=\"500\" height=\"500\" src=\"data:image\/png;base64,iVBORw0KGgoAAAANSUhEUgAAAAEAAAABAQMAAAAl21bKAAAAA1BMVEUAAP+KeNJXAAAAAXRSTlMAQObYZgAAAAlwSFlzAAAOxAAADsQBlSsOGwAAAApJREFUCNdjYAAAAAIAAeIhvDMAAAAASUVORK5CYII=\" class=\"attachment-vp_lg size-vp_lg visual-portfolio-lazyload\" alt=\"\" data-vpf-src=\"https:\/\/newdestiny.fr\/wp-content\/uploads\/2024\/05\/USHIKO.png\" data-vpf-sizes=\"auto\" data-vpf-srcset=\"https:\/\/newdestiny.fr\/wp-content\/uploads\/2024\/05\/USHIKO.png 500w, https:\/\/newdestiny.fr\/wp-content\/uploads\/2024\/05\/USHIKO-300x300.png 300w, https:\/\/newdestiny.fr\/wp-content\/uploads\/2024\/05\/USHIKO-150x150.png 150w, https:\/\/newdestiny.fr\/wp-content\/uploads\/2024\/05\/USHIKO-100x100.png 100w\" \/>            <\/a>\n                <\/div>\n<\/div>\n\n<figcaption class=\"vp-portfolio__item-overlay vp-portfolio__item-align-center\">\n            <div class=\"vp-portfolio__item-meta\">\n                            <h2 class=\"vp-portfolio__item-meta-title\">\n                                            <a href=\"https:\/\/newdestiny.fr\/?p=14673\"\n                                                    >\n                            USHIKO                        <\/a>\n                                        <\/h2>\n                                <div class=\"vp-portfolio__item-meta-excerpt\">\n                    Usiko est un chat m\u00e2le de type europ\u00e9en, n\u00e9 le 01\/05\/2022. Il est identifi\u00e9, vaccin\u00e9,...                <\/div>\n                        <\/div>\n    <\/figcaption>\n            <\/figure>\n        <\/article>\n        \n        <article class=\"vp-portfolio__item-wrap post-14645 post type-post status-publish format-standard has-post-thumbnail hentry category-chiens tag-a-adopter\" data-vp-filter=\"chiens\">\n                        <figure class=\"vp-portfolio__item\">\n                \n<div class=\"vp-portfolio__item-img-wrap\">\n    <div class=\"vp-portfolio__item-img\">\n                    <a href=\"https:\/\/newdestiny.fr\/?p=14645\"\n                            >\n                <noscript><img loading=\"lazy\" decoding=\"async\" width=\"500\" height=\"500\" src=\"https:\/\/newdestiny.fr\/wp-content\/uploads\/2024\/05\/1.png\" class=\"attachment-vp_lg size-vp_lg\" alt=\"\" srcset=\"https:\/\/newdestiny.fr\/wp-content\/uploads\/2024\/05\/1.png 500w, https:\/\/newdestiny.fr\/wp-content\/uploads\/2024\/05\/1-300x300.png 300w, https:\/\/newdestiny.fr\/wp-content\/uploads\/2024\/05\/1-150x150.png 150w, https:\/\/newdestiny.fr\/wp-content\/uploads\/2024\/05\/1-100x100.png 100w\" sizes=\"100vw\" \/><\/noscript>\n                <img loading=\"lazy\" decoding=\"async\" width=\"500\" height=\"500\" src=\"data:image\/png;base64,iVBORw0KGgoAAAANSUhEUgAAAAEAAAABAQMAAAAl21bKAAAAA1BMVEUAAP+KeNJXAAAAAXRSTlMAQObYZgAAAAlwSFlzAAAOxAAADsQBlSsOGwAAAApJREFUCNdjYAAAAAIAAeIhvDMAAAAASUVORK5CYII=\" class=\"attachment-vp_lg size-vp_lg visual-portfolio-lazyload\" alt=\"\" data-vpf-src=\"https:\/\/newdestiny.fr\/wp-content\/uploads\/2024\/05\/1.png\" data-vpf-sizes=\"auto\" data-vpf-srcset=\"https:\/\/newdestiny.fr\/wp-content\/uploads\/2024\/05\/1.png 500w, https:\/\/newdestiny.fr\/wp-content\/uploads\/2024\/05\/1-300x300.png 300w, https:\/\/newdestiny.fr\/wp-content\/uploads\/2024\/05\/1-150x150.png 150w, https:\/\/newdestiny.fr\/wp-content\/uploads\/2024\/05\/1-100x100.png 100w\" \/>            <\/a>\n                <\/div>\n<\/div>\n\n<figcaption class=\"vp-portfolio__item-overlay vp-portfolio__item-align-center\">\n            <div class=\"vp-portfolio__item-meta\">\n                            <h2 class=\"vp-portfolio__item-meta-title\">\n                                            <a href=\"https:\/\/newdestiny.fr\/?p=14645\"\n                                                    >\n                            ARAMIS                        <\/a>\n                                        <\/h2>\n                                <div class=\"vp-portfolio__item-meta-excerpt\">\n                    Aramis est un m\u00e2le Matin Espagnol, n\u00e9 le\u00a008\/01\/2023. Il est identifi\u00e9, vermifug\u00e9 et d\u00e9parasit\u00e9.\u00a0 Pour...                <\/div>\n                        <\/div>\n    <\/figcaption>\n            <\/figure>\n        <\/article>\n                    <\/div>\n        <\/div>\n\n        \n        \n        <\/div>\n\n        \n","protected":false},"excerpt":{"rendered":"","protected":false},"author":5,"featured_media":0,"parent":0,"menu_order":0,"comment_status":"closed","ping_status":"closed","template":"elementor_header_footer","meta":{"footnotes":""},"_links":{"self":[{"href":"https:\/\/newdestiny.fr\/index.php?rest_route=\/wp\/v2\/pages\/12023"}],"collection":[{"href":"https:\/\/newdestiny.fr\/index.php?rest_route=\/wp\/v2\/pages"}],"about":[{"href":"https:\/\/newdestiny.fr\/index.php?rest_route=\/wp\/v2\/types\/page"}],"author":[{"embeddable":true,"href":"https:\/\/newdestiny.fr\/index.php?rest_route=\/wp\/v2\/users\/5"}],"replies":[{"embeddable":true,"href":"https:\/\/newdestiny.fr\/index.php?rest_route=%2Fwp%2Fv2%2Fcomments&post=12023"}],"version-history":[{"count":4,"href":"https:\/\/newdestiny.fr\/index.php?rest_route=\/wp\/v2\/pages\/12023\/revisions"}],"predecessor-version":[{"id":12385,"href":"https:\/\/newdestiny.fr\/index.php?rest_route=\/wp\/v2\/pages\/12023\/revisions\/12385"}],"wp:attachment":[{"href":"https:\/\/newdestiny.fr\/index.php?rest_route=%2Fwp%2Fv2%2Fmedia&parent=12023"}],"curies":[{"name":"wp","href":"https:\/\/api.w.org\/{rel}","templated":true}]}}