{"id":12195,"date":"2019-10-11T13:51:28","date_gmt":"2019-10-11T11:51:28","guid":{"rendered":"http:\/\/lacombet-001-site26.dtempurl.com\/?page_id=12094"},"modified":"2024-05-14T10:38:30","modified_gmt":"2024-05-14T08:38:30","slug":"qui-sommes-nous","status":"publish","type":"page","link":"https:\/\/newdestiny.fr\/","title":{"rendered":"Qui sommes-nous ?"},"content":{"rendered":"\t\t<div data-elementor-type=\"wp-page\" data-elementor-id=\"12195\" class=\"elementor elementor-12195\" data-elementor-settings=\"[]\">\n\t\t\t<div class=\"elementor-inner\">\n\t\t\t\t<div class=\"elementor-section-wrap\">\n\t\t\t\t\t\t\t<section class=\"elementor-element elementor-element-f32aaa7 elementor-section-boxed elementor-section-height-default elementor-section-height-default elementor-section elementor-top-section\" data-id=\"f32aaa7\" data-element_type=\"section\">\n\t\t\t\t\t\t<div class=\"elementor-container elementor-column-gap-default\">\n\t\t\t\t<div class=\"elementor-row\">\n\t\t\t\t<div class=\"elementor-element elementor-element-596f15b elementor-column elementor-col-100 elementor-top-column\" data-id=\"596f15b\" data-element_type=\"column\">\n\t\t\t<div class=\"elementor-column-wrap  elementor-element-populated\">\n\t\t\t\t\t<div class=\"elementor-widget-wrap\">\n\t\t\t\t<div class=\"elementor-element elementor-element-e0bbf45 elementor-widget elementor-widget-menu-anchor\" data-id=\"e0bbf45\" data-element_type=\"widget\" data-widget_type=\"menu-anchor.default\">\n\t\t\t\t<div class=\"elementor-widget-container\">\n\t\t\t\t\t<div id=\"page-top\" class=\"elementor-menu-anchor\"><\/div>\n\t\t\t\t<\/div>\n\t\t\t\t<\/div>\n\t\t\t\t<div class=\"elementor-element elementor-element-d711e4f elementor-widget elementor-widget-heading\" data-id=\"d711e4f\" data-element_type=\"widget\" data-widget_type=\"heading.default\">\n\t\t\t\t<div class=\"elementor-widget-container\">\n\t\t\t<h1 class=\"elementor-heading-title elementor-size-default\">Qui Sommes-nous ?<\/h1>\t\t<\/div>\n\t\t\t\t<\/div>\n\t\t\t\t\t\t<\/div>\n\t\t\t<\/div>\n\t\t<\/div>\n\t\t\t\t\t\t<\/div>\n\t\t\t<\/div>\n\t\t<\/section>\n\t\t\t\t<section class=\"elementor-element elementor-element-2b32017 elementor-section-boxed elementor-section-height-default elementor-section-height-default elementor-section elementor-top-section\" data-id=\"2b32017\" data-element_type=\"section\">\n\t\t\t\t\t\t<div class=\"elementor-container elementor-column-gap-default\">\n\t\t\t\t<div class=\"elementor-row\">\n\t\t\t\t<div class=\"elementor-element elementor-element-d824f52 elementor-column elementor-col-66 elementor-top-column\" data-id=\"d824f52\" data-element_type=\"column\" data-settings=\"{&quot;background_background&quot;:&quot;classic&quot;}\">\n\t\t\t<div class=\"elementor-column-wrap  elementor-element-populated\">\n\t\t\t\t\t<div class=\"elementor-widget-wrap\">\n\t\t\t\t<section class=\"elementor-element elementor-element-115e9ee elementor-section-boxed elementor-section-height-default elementor-section-height-default elementor-section elementor-inner-section\" data-id=\"115e9ee\" data-element_type=\"section\">\n\t\t\t\t\t\t<div class=\"elementor-container elementor-column-gap-default\">\n\t\t\t\t<div class=\"elementor-row\">\n\t\t\t\t<div class=\"elementor-element elementor-element-b0df6b1 elementor-column elementor-col-50 elementor-inner-column\" data-id=\"b0df6b1\" data-element_type=\"column\">\n\t\t\t<div class=\"elementor-column-wrap  elementor-element-populated\">\n\t\t\t\t\t<div class=\"elementor-widget-wrap\">\n\t\t\t\t<div class=\"elementor-element elementor-element-808dc8b elementor-widget elementor-widget-image\" data-id=\"808dc8b\" data-element_type=\"widget\" data-widget_type=\"image.default\">\n\t\t\t\t<div class=\"elementor-widget-container\">\n\t\t\t\t\t<div class=\"elementor-image\">\n\t\t\t\t\t\t\t\t\t\t<img loading=\"lazy\" decoding=\"async\" width=\"500\" height=\"500\" src=\"https:\/\/newdestiny.fr\/wp-content\/uploads\/2019\/10\/thumbnail_New-destiny-logo-blanc.jpg\" class=\"attachment-large size-large\" alt=\"\" srcset=\"https:\/\/newdestiny.fr\/wp-content\/uploads\/2019\/10\/thumbnail_New-destiny-logo-blanc.jpg 500w, https:\/\/newdestiny.fr\/wp-content\/uploads\/2019\/10\/thumbnail_New-destiny-logo-blanc-150x150.jpg 150w, https:\/\/newdestiny.fr\/wp-content\/uploads\/2019\/10\/thumbnail_New-destiny-logo-blanc-300x300.jpg 300w, https:\/\/newdestiny.fr\/wp-content\/uploads\/2019\/10\/thumbnail_New-destiny-logo-blanc-100x100.jpg 100w\" sizes=\"100vw\" \/>\t\t\t\t\t\t\t\t\t\t\t<\/div>\n\t\t\t\t<\/div>\n\t\t\t\t<\/div>\n\t\t\t\t\t\t<\/div>\n\t\t\t<\/div>\n\t\t<\/div>\n\t\t\t\t<div class=\"elementor-element elementor-element-5df85df elementor-column elementor-col-50 elementor-inner-column\" data-id=\"5df85df\" data-element_type=\"column\">\n\t\t\t<div class=\"elementor-column-wrap  elementor-element-populated\">\n\t\t\t\t\t<div class=\"elementor-widget-wrap\">\n\t\t\t\t<div class=\"elementor-element elementor-element-9a8a345 elementor-widget elementor-widget-text-editor\" data-id=\"9a8a345\" data-element_type=\"widget\" data-widget_type=\"text-editor.default\">\n\t\t\t\t<div class=\"elementor-widget-container\">\n\t\t\t\t\t<div class=\"elementor-text-editor elementor-clearfix\"><p>Dans une soci\u00e9t\u00e9 o\u00f9 les faibles, les sans voix, les d\u00e9pendants de l&#8217;humain sont trop souvent humili\u00e9s, trahis, malmen\u00e9s, abandonn\u00e9s,\u00a0<span style=\"background-color: transparent;font-size: 1rem\">New Destiny est n\u00e9.<\/span><\/p><p>Association loi 1901 \u00e0 but non lucratif, ce sont des hommes et des femmes en r\u00e9gion Rh\u00f4ne Alpes et PACA sensible \u00e0 l injustice et \u00e0 la souffrance animale, qui aujourd&#8217;hui ont d\u00e9cider de s&#8217;unir \u00e0 leur niveau et avec leurs moyens afin d&#8217;apporter un peu de lumi\u00e8re \u00e0 des victimes de l \u00eatre humain trop souvent plonger dans l ombre et l indiff\u00e9rence.\u00a0<\/p><\/div>\n\t\t\t\t<\/div>\n\t\t\t\t<\/div>\n\t\t\t\t\t\t<\/div>\n\t\t\t<\/div>\n\t\t<\/div>\n\t\t\t\t\t\t<\/div>\n\t\t\t<\/div>\n\t\t<\/section>\n\t\t\t\t<div class=\"elementor-element elementor-element-316302d elementor-widget elementor-widget-text-editor\" data-id=\"316302d\" data-element_type=\"widget\" data-widget_type=\"text-editor.default\">\n\t\t\t\t<div class=\"elementor-widget-container\">\n\t\t\t\t\t<div class=\"elementor-text-editor elementor-clearfix\"><p>Redonner confiance, accueillir, soigner, nourrir, prot\u00e9ger, et donner un avenir sont les leitmotiv qui anime nos \u00e9quipes afin de lutter contre l&#8217;abandon et la maltraitance animale.<\/p><p>Sans subvention, avec des moyens mat\u00e9riel et financier limit\u00e9s, le c\u0153ur, le sang, l \u00e9nergie vibratoire qui nous anime est aliment\u00e9e par la bienveillance et l amour des animaux et de la vie au sens large du terme.<\/p><p>Nous avons besoin de vous pour exister.\u00a0<\/p><p>Vos dons, votre investissement b\u00e9n\u00e9vole \u00e0 nos c\u00f4t\u00e9s et vos partages sont indispensables \u00e0 l&#8217;avenir de nos prot\u00e9g\u00e9s.<\/p><p>\u00a0<\/p><\/div>\n\t\t\t\t<\/div>\n\t\t\t\t<\/div>\n\t\t\t\t<div class=\"elementor-element elementor-element-5de242c elementor-view-default elementor-widget elementor-widget-icon\" data-id=\"5de242c\" data-element_type=\"widget\" data-widget_type=\"icon.default\">\n\t\t\t\t<div class=\"elementor-widget-container\">\n\t\t\t\t\t<div class=\"elementor-icon-wrapper\">\n\t\t\t<div class=\"elementor-icon\">\n\t\t\t<i aria-hidden=\"true\" class=\"fas fa-paw\"><\/i>\t\t\t<\/div>\n\t\t<\/div>\n\t\t\t\t<\/div>\n\t\t\t\t<\/div>\n\t\t\t\t\t\t<\/div>\n\t\t\t<\/div>\n\t\t<\/div>\n\t\t\t\t<div class=\"elementor-element elementor-element-4bbcd56 elementor-column elementor-col-33 elementor-top-column\" data-id=\"4bbcd56\" data-element_type=\"column\" data-settings=\"{&quot;background_background&quot;:&quot;classic&quot;}\">\n\t\t\t<div class=\"elementor-column-wrap  elementor-element-populated\">\n\t\t\t\t\t<div class=\"elementor-widget-wrap\">\n\t\t\t\t<div class=\"elementor-element elementor-element-2ce4975 elementor-widget elementor-widget-image\" data-id=\"2ce4975\" data-element_type=\"widget\" data-widget_type=\"image.default\">\n\t\t\t\t<div class=\"elementor-widget-container\">\n\t\t\t\t\t<div class=\"elementor-image\">\n\t\t\t\t\t\t\t\t\t\t<img loading=\"lazy\" decoding=\"async\" width=\"525\" height=\"440\" src=\"https:\/\/newdestiny.fr\/wp-content\/uploads\/2024\/03\/FAMILLE-D4ACCUEIL-2.jpg\" class=\"attachment-large size-large\" alt=\"\" srcset=\"https:\/\/newdestiny.fr\/wp-content\/uploads\/2024\/03\/FAMILLE-D4ACCUEIL-2.jpg 940w, https:\/\/newdestiny.fr\/wp-content\/uploads\/2024\/03\/FAMILLE-D4ACCUEIL-2-300x251.jpg 300w, https:\/\/newdestiny.fr\/wp-content\/uploads\/2024\/03\/FAMILLE-D4ACCUEIL-2-768x644.jpg 768w, https:\/\/newdestiny.fr\/wp-content\/uploads\/2024\/03\/FAMILLE-D4ACCUEIL-2-500x419.jpg 500w, https:\/\/newdestiny.fr\/wp-content\/uploads\/2024\/03\/FAMILLE-D4ACCUEIL-2-800x671.jpg 800w\" sizes=\"100vw\" \/>\t\t\t\t\t\t\t\t\t\t\t<\/div>\n\t\t\t\t<\/div>\n\t\t\t\t<\/div>\n\t\t\t\t<div class=\"elementor-element elementor-element-640fd86 elementor-widget elementor-widget-heading\" data-id=\"640fd86\" data-element_type=\"widget\" data-widget_type=\"heading.default\">\n\t\t\t\t<div class=\"elementor-widget-container\">\n\t\t\t<h3 class=\"elementor-heading-title elementor-size-default\">Devenez famille d'accueil<\/h3>\t\t<\/div>\n\t\t\t\t<\/div>\n\t\t\t\t<div class=\"elementor-element elementor-element-347a5e5 elementor-widget elementor-widget-text-editor\" data-id=\"347a5e5\" data-element_type=\"widget\" data-widget_type=\"text-editor.default\">\n\t\t\t\t<div class=\"elementor-widget-container\">\n\t\t\t\t\t<div class=\"elementor-text-editor elementor-clearfix\"><p><span style=\"vertical-align: inherit\"><span style=\"vertical-align: inherit\">New Destiny n&#8217;a pas de refuge et fonctionne uniquement avec la passion, la bienveillance, la motivation et l&#8217;implication de son \u00e9quipe de famille d&#8217;accueil.<\/span><\/span><\/p><p><span style=\"vertical-align: inherit\"><span style=\"vertical-align: inherit\">Les abandons et\u00a0 <\/span><\/span><span style=\"font-size: 1rem\"><span style=\"vertical-align: inherit\"><span style=\"vertical-align: inherit\">demandes <\/span><\/span><\/span><span style=\"font-size: 1rem\"><span style=\"vertical-align: inherit\"><span style=\"vertical-align: inherit\">\u00a0de prise en charge se multiplient et nos murs ne sont pas extensibles.\u00a0<\/span><\/span><\/span><\/p><p><span style=\"font-size: 1rem\"><span style=\"vertical-align: inherit\"><span style=\"vertical-align: inherit\">Ils ont besoin de vous.<\/span><\/span><\/span><\/p><\/div>\n\t\t\t\t<\/div>\n\t\t\t\t<\/div>\n\t\t\t\t<div class=\"elementor-element elementor-element-4cc89d5 elementor-button-info elementor-align-center elementor-widget elementor-widget-button\" data-id=\"4cc89d5\" data-element_type=\"widget\" data-widget_type=\"button.default\">\n\t\t\t\t<div class=\"elementor-widget-container\">\n\t\t\t\t\t<div class=\"elementor-button-wrapper\">\n\t\t\t<a href=\"https:\/\/newdestiny.fr\/?page_id=12677\" class=\"elementor-button-link elementor-button elementor-size-sm\" role=\"button\">\n\t\t\t\t\t\t<span class=\"elementor-button-content-wrapper\">\n\t\t\t\t\t\t<span class=\"elementor-button-text\">Renseignez-vous<\/span>\n\t\t<\/span>\n\t\t\t\t\t<\/a>\n\t\t<\/div>\n\t\t\t\t<\/div>\n\t\t\t\t<\/div>\n\t\t\t\t\t\t<\/div>\n\t\t\t<\/div>\n\t\t<\/div>\n\t\t\t\t\t\t<\/div>\n\t\t\t<\/div>\n\t\t<\/section>\n\t\t\t\t\t\t<\/div>\n\t\t\t<\/div>\n\t\t<\/div>\n\t\t","protected":false},"excerpt":{"rendered":"<p>Qui Sommes-nous ? Dans une soci\u00e9t\u00e9 o\u00f9 les faibles, les sans voix, les d\u00e9pendants de l&#8217;humain sont trop souvent humili\u00e9s, trahis, malmen\u00e9s, abandonn\u00e9s,\u00a0New Destiny est n\u00e9. Association loi 1901 \u00e0 but non lucratif, ce sont des hommes et des femmes en r\u00e9gion Rh\u00f4ne Alpes et PACA sensible \u00e0 l injustice et \u00e0 la souffrance animale, &hellip; <\/p>\n<p class=\"link-more\"><a href=\"https:\/\/newdestiny.fr\/\" class=\"more-link\">Continue reading<span class=\"screen-reader-text\"> &#8220;Qui sommes-nous ?&#8221;<\/span><\/a><\/p>\n","protected":false},"author":5,"featured_media":0,"parent":0,"menu_order":0,"comment_status":"closed","ping_status":"closed","template":"elementor_header_footer","meta":{"footnotes":""},"_links":{"self":[{"href":"https:\/\/newdestiny.fr\/index.php?rest_route=\/wp\/v2\/pages\/12195"}],"collection":[{"href":"https:\/\/newdestiny.fr\/index.php?rest_route=\/wp\/v2\/pages"}],"about":[{"href":"https:\/\/newdestiny.fr\/index.php?rest_route=\/wp\/v2\/types\/page"}],"author":[{"embeddable":true,"href":"https:\/\/newdestiny.fr\/index.php?rest_route=\/wp\/v2\/users\/5"}],"replies":[{"embeddable":true,"href":"https:\/\/newdestiny.fr\/index.php?rest_route=%2Fwp%2Fv2%2Fcomments&post=12195"}],"version-history":[{"count":70,"href":"https:\/\/newdestiny.fr\/index.php?rest_route=\/wp\/v2\/pages\/12195\/revisions"}],"predecessor-version":[{"id":14745,"href":"https:\/\/newdestiny.fr\/index.php?rest_route=\/wp\/v2\/pages\/12195\/revisions\/14745"}],"wp:attachment":[{"href":"https:\/\/newdestiny.fr\/index.php?rest_route=%2Fwp%2Fv2%2Fmedia&parent=12195"}],"curies":[{"name":"wp","href":"https:\/\/api.w.org\/{rel}","templated":true}]}}