{"id":12276,"date":"2019-10-18T12:48:14","date_gmt":"2019-10-18T10:48:14","guid":{"rendered":"http:\/\/newdestiny.fr\/?page_id=12276"},"modified":"2024-04-27T10:19:26","modified_gmt":"2024-04-27T08:19:26","slug":"nos-besoins","status":"publish","type":"page","link":"https:\/\/newdestiny.fr\/?page_id=12276","title":{"rendered":"Dons"},"content":{"rendered":"\t\t<div data-elementor-type=\"wp-page\" data-elementor-id=\"12276\" class=\"elementor elementor-12276\" data-elementor-settings=\"[]\">\n\t\t\t<div class=\"elementor-inner\">\n\t\t\t\t<div class=\"elementor-section-wrap\">\n\t\t\t\t\t\t\t<section class=\"elementor-element elementor-element-9f4f7a1 elementor-section-boxed elementor-section-height-default elementor-section-height-default elementor-section elementor-top-section\" data-id=\"9f4f7a1\" data-element_type=\"section\">\n\t\t\t\t\t\t<div class=\"elementor-container elementor-column-gap-default\">\n\t\t\t\t<div class=\"elementor-row\">\n\t\t\t\t<div class=\"elementor-element elementor-element-7373f69 elementor-column elementor-col-100 elementor-top-column\" data-id=\"7373f69\" data-element_type=\"column\">\n\t\t\t<div class=\"elementor-column-wrap  elementor-element-populated\">\n\t\t\t\t\t<div class=\"elementor-widget-wrap\">\n\t\t\t\t<div class=\"elementor-element elementor-element-a0170c9 elementor-widget elementor-widget-heading\" data-id=\"a0170c9\" data-element_type=\"widget\" data-widget_type=\"heading.default\">\n\t\t\t\t<div class=\"elementor-widget-container\">\n\t\t\t<h1 class=\"elementor-heading-title elementor-size-default\">Nos Besoins<\/h1>\t\t<\/div>\n\t\t\t\t<\/div>\n\t\t\t\t\t\t<\/div>\n\t\t\t<\/div>\n\t\t<\/div>\n\t\t\t\t\t\t<\/div>\n\t\t\t<\/div>\n\t\t<\/section>\n\t\t\t\t<section class=\"elementor-element elementor-element-48740a7 elementor-section-boxed elementor-section-height-default elementor-section-height-default elementor-section elementor-top-section\" data-id=\"48740a7\" data-element_type=\"section\">\n\t\t\t\t\t\t<div class=\"elementor-container elementor-column-gap-default\">\n\t\t\t\t<div class=\"elementor-row\">\n\t\t\t\t<div class=\"elementor-element elementor-element-7087c40 elementor-column elementor-col-100 elementor-top-column\" data-id=\"7087c40\" data-element_type=\"column\">\n\t\t\t<div class=\"elementor-column-wrap  elementor-element-populated\">\n\t\t\t\t\t<div class=\"elementor-widget-wrap\">\n\t\t\t\t<div class=\"elementor-element elementor-element-39701c0 elementor-widget elementor-widget-spacer\" data-id=\"39701c0\" data-element_type=\"widget\" data-widget_type=\"spacer.default\">\n\t\t\t\t<div class=\"elementor-widget-container\">\n\t\t\t\t\t<div class=\"elementor-spacer\">\n\t\t\t<div class=\"elementor-spacer-inner\"><\/div>\n\t\t<\/div>\n\t\t\t\t<\/div>\n\t\t\t\t<\/div>\n\t\t\t\t<section class=\"elementor-element elementor-element-6072079 elementor-section-boxed elementor-section-height-default elementor-section-height-default elementor-section elementor-inner-section\" data-id=\"6072079\" data-element_type=\"section\">\n\t\t\t\t\t\t<div class=\"elementor-container elementor-column-gap-default\">\n\t\t\t\t<div class=\"elementor-row\">\n\t\t\t\t<div class=\"elementor-element elementor-element-e286ed3 elementor-column elementor-col-50 elementor-inner-column\" data-id=\"e286ed3\" data-element_type=\"column\">\n\t\t\t<div class=\"elementor-column-wrap  elementor-element-populated\">\n\t\t\t\t\t<div class=\"elementor-widget-wrap\">\n\t\t\t\t<div class=\"elementor-element elementor-element-4fe7142 elementor-widget elementor-widget-text-editor\" data-id=\"4fe7142\" data-element_type=\"widget\" data-widget_type=\"text-editor.default\">\n\t\t\t\t<div class=\"elementor-widget-container\">\n\t\t\t\t\t<div class=\"elementor-text-editor elementor-clearfix\"><div class=\"_1e-x _n4o\"><div class=\"_3_bl\"><div class=\"_5w1r _3_om _5wdf\"><div class=\"_4gx_\"><div class=\"_1aa6\"><div class=\"\"><span class=\"_5yl5\">De la volont\u00e9, du coeur, de l&#8217;investissement au quotidien possible qu&#8217;avec la bienveillance et le soutien de nos pr\u00e9cieux donateurs. La r\u00e9alit\u00e9 n&#8217;est pas uniquement synonyme de philosophie car sans moyen aucune de nos actions pour les animaux ne serait possible. Vous voulez nous soutenir, nous donner les armes pour lutter pour eux, voici en quoi vous pouvez nous aider : <br \/><\/span><\/div><\/div><\/div><\/div><\/div><\/div><\/div>\n\t\t\t\t<\/div>\n\t\t\t\t<\/div>\n\t\t\t\t\t\t<\/div>\n\t\t\t<\/div>\n\t\t<\/div>\n\t\t\t\t<div class=\"elementor-element elementor-element-ba64e2c elementor-column elementor-col-50 elementor-inner-column\" data-id=\"ba64e2c\" data-element_type=\"column\">\n\t\t\t<div class=\"elementor-column-wrap  elementor-element-populated\">\n\t\t\t\t\t<div class=\"elementor-widget-wrap\">\n\t\t\t\t<div class=\"elementor-element elementor-element-36fb6ac elementor-widget elementor-widget-image\" data-id=\"36fb6ac\" data-element_type=\"widget\" data-widget_type=\"image.default\">\n\t\t\t\t<div class=\"elementor-widget-container\">\n\t\t\t\t\t<div class=\"elementor-image\">\n\t\t\t\t\t\t\t\t\t\t<img loading=\"lazy\" decoding=\"async\" width=\"300\" height=\"200\" src=\"https:\/\/newdestiny.fr\/wp-content\/uploads\/2024\/03\/SAKURA-2-300x200.jpg\" class=\"attachment-medium size-medium\" alt=\"\" srcset=\"https:\/\/newdestiny.fr\/wp-content\/uploads\/2024\/03\/SAKURA-2-300x200.jpg 300w, https:\/\/newdestiny.fr\/wp-content\/uploads\/2024\/03\/SAKURA-2-1024x683.jpg 1024w, https:\/\/newdestiny.fr\/wp-content\/uploads\/2024\/03\/SAKURA-2-768x512.jpg 768w, https:\/\/newdestiny.fr\/wp-content\/uploads\/2024\/03\/SAKURA-2-500x333.jpg 500w, https:\/\/newdestiny.fr\/wp-content\/uploads\/2024\/03\/SAKURA-2-800x533.jpg 800w, https:\/\/newdestiny.fr\/wp-content\/uploads\/2024\/03\/SAKURA-2-1280x853.jpg 1280w, https:\/\/newdestiny.fr\/wp-content\/uploads\/2024\/03\/SAKURA-2.jpg 1500w\" sizes=\"100vw\" \/>\t\t\t\t\t\t\t\t\t\t\t<\/div>\n\t\t\t\t<\/div>\n\t\t\t\t<\/div>\n\t\t\t\t\t\t<\/div>\n\t\t\t<\/div>\n\t\t<\/div>\n\t\t\t\t\t\t<\/div>\n\t\t\t<\/div>\n\t\t<\/section>\n\t\t\t\t<section class=\"elementor-element elementor-element-a4cd692 elementor-section-boxed elementor-section-height-default elementor-section-height-default elementor-section elementor-inner-section\" data-id=\"a4cd692\" data-element_type=\"section\">\n\t\t\t\t\t\t<div class=\"elementor-container elementor-column-gap-default\">\n\t\t\t\t<div class=\"elementor-row\">\n\t\t\t\t<div class=\"elementor-element elementor-element-e5396af elementor-column elementor-col-50 elementor-inner-column\" data-id=\"e5396af\" data-element_type=\"column\">\n\t\t\t<div class=\"elementor-column-wrap  elementor-element-populated\">\n\t\t\t\t\t<div class=\"elementor-widget-wrap\">\n\t\t\t\t<div class=\"elementor-element elementor-element-d642f4d elementor-widget elementor-widget-image\" data-id=\"d642f4d\" data-element_type=\"widget\" data-widget_type=\"image.default\">\n\t\t\t\t<div class=\"elementor-widget-container\">\n\t\t\t\t\t<div class=\"elementor-image\">\n\t\t\t\t\t\t\t\t\t\t<img loading=\"lazy\" decoding=\"async\" width=\"525\" height=\"440\" src=\"https:\/\/newdestiny.fr\/wp-content\/uploads\/2024\/03\/MEL.jpg\" class=\"attachment-large size-large\" alt=\"\" srcset=\"https:\/\/newdestiny.fr\/wp-content\/uploads\/2024\/03\/MEL.jpg 940w, https:\/\/newdestiny.fr\/wp-content\/uploads\/2024\/03\/MEL-300x251.jpg 300w, https:\/\/newdestiny.fr\/wp-content\/uploads\/2024\/03\/MEL-768x644.jpg 768w, https:\/\/newdestiny.fr\/wp-content\/uploads\/2024\/03\/MEL-500x419.jpg 500w, https:\/\/newdestiny.fr\/wp-content\/uploads\/2024\/03\/MEL-800x671.jpg 800w\" sizes=\"100vw\" \/>\t\t\t\t\t\t\t\t\t\t\t<\/div>\n\t\t\t\t<\/div>\n\t\t\t\t<\/div>\n\t\t\t\t\t\t<\/div>\n\t\t\t<\/div>\n\t\t<\/div>\n\t\t\t\t<div class=\"elementor-element elementor-element-b079dcd elementor-column elementor-col-50 elementor-inner-column\" data-id=\"b079dcd\" data-element_type=\"column\">\n\t\t\t<div class=\"elementor-column-wrap  elementor-element-populated\">\n\t\t\t\t\t<div class=\"elementor-widget-wrap\">\n\t\t\t\t<div class=\"elementor-element elementor-element-33f43ae elementor-widget elementor-widget-heading\" data-id=\"33f43ae\" data-element_type=\"widget\" data-widget_type=\"heading.default\">\n\t\t\t\t<div class=\"elementor-widget-container\">\n\t\t\t<h2 class=\"elementor-heading-title elementor-size-default\">Dons mon\u00e9taires<\/h2>\t\t<\/div>\n\t\t\t\t<\/div>\n\t\t\t\t<div class=\"elementor-element elementor-element-f239110 elementor-widget elementor-widget-text-editor\" data-id=\"f239110\" data-element_type=\"widget\" data-widget_type=\"text-editor.default\">\n\t\t\t\t<div class=\"elementor-widget-container\">\n\t\t\t\t\t<div class=\"elementor-text-editor elementor-clearfix\"><p><span class=\"_5yl5\">Les factures sont lourdes pour loger, nourrir, soigner et prot\u00e9ger nos pensionnaires. Le tarif des adoptions ne couvre bien souvent qu&#8217;une partie des frais que nous engageons quotidiennement pour les animaux. N&#8217;oublions pas nos r\u00e9sidents permanents au parcours de vie ou \u00e0 l&#8217;\u00e9tat de sant\u00e9 ne permettant pas d&#8217;\u00eatre candidat \u00e0 l&#8217;adoption et qui reste \u00e0 la charge de l&#8217;association \u00e0 vie ainsi que nos populations de chat sans domicile dans la rue que nous sterilisons, nourrissons et soignons. Sans votre soutien rien de tout cela ne serait possible. Rappelons que New Destiny ne touche aucune subvention et ne fonctionne qu&#8217;avec des b\u00e9n\u00e9voles. 2 choix s offrent \u00e0 vous pour vos dons : Via notre compte Paypal Via la poste par ch\u00e8que \u00e0 l ordre de New Destiny protection animale<\/span><\/p><\/div>\n\t\t\t\t<\/div>\n\t\t\t\t<\/div>\n\t\t\t\t\t\t<\/div>\n\t\t\t<\/div>\n\t\t<\/div>\n\t\t\t\t\t\t<\/div>\n\t\t\t<\/div>\n\t\t<\/section>\n\t\t\t\t<section class=\"elementor-element elementor-element-4e133b3 elementor-section-boxed elementor-section-height-default elementor-section-height-default elementor-section elementor-inner-section\" data-id=\"4e133b3\" data-element_type=\"section\">\n\t\t\t\t\t\t<div class=\"elementor-container elementor-column-gap-default\">\n\t\t\t\t<div class=\"elementor-row\">\n\t\t\t\t<div class=\"elementor-element elementor-element-112a536 elementor-column elementor-col-50 elementor-inner-column\" data-id=\"112a536\" data-element_type=\"column\">\n\t\t\t<div class=\"elementor-column-wrap  elementor-element-populated\">\n\t\t\t\t\t<div class=\"elementor-widget-wrap\">\n\t\t\t\t<div class=\"elementor-element elementor-element-6ea727b elementor-widget elementor-widget-heading\" data-id=\"6ea727b\" data-element_type=\"widget\" data-widget_type=\"heading.default\">\n\t\t\t\t<div class=\"elementor-widget-container\">\n\t\t\t<h2 class=\"elementor-heading-title elementor-size-default\">Dons alimentaires<\/h2>\t\t<\/div>\n\t\t\t\t<\/div>\n\t\t\t\t<div class=\"elementor-element elementor-element-6ac2a95 elementor-widget elementor-widget-text-editor\" data-id=\"6ac2a95\" data-element_type=\"widget\" data-widget_type=\"text-editor.default\">\n\t\t\t\t<div class=\"elementor-widget-container\">\n\t\t\t\t\t<div class=\"elementor-text-editor elementor-clearfix\"><p><span class=\"_5yl5\">Nous organisons r\u00e9guli\u00e8rement des collectes en supermarch\u00e9 et magasin sp\u00e9cialis\u00e9 en fourniture animali\u00e8re. Ces manifestations permettent d&#8217;\u00e9changer avec le public sur le sort des animaux et nos agissements envers la cause. Vous pouvez retrouver les dates des collectes sur notre page \u00e9v\u00e9nements et ainsi venir nous rencontr\u00e9s et participer \u00e0 la r\u00e9ussite de notre approvisionnement pour nos pensionnaires.<\/span><\/p><\/div>\n\t\t\t\t<\/div>\n\t\t\t\t<\/div>\n\t\t\t\t\t\t<\/div>\n\t\t\t<\/div>\n\t\t<\/div>\n\t\t\t\t<div class=\"elementor-element elementor-element-61e563b elementor-column elementor-col-50 elementor-inner-column\" data-id=\"61e563b\" data-element_type=\"column\">\n\t\t\t<div class=\"elementor-column-wrap  elementor-element-populated\">\n\t\t\t\t\t<div class=\"elementor-widget-wrap\">\n\t\t\t\t<div class=\"elementor-element elementor-element-84209bf elementor-widget elementor-widget-image\" data-id=\"84209bf\" data-element_type=\"widget\" data-widget_type=\"image.default\">\n\t\t\t\t<div class=\"elementor-widget-container\">\n\t\t\t\t\t<div class=\"elementor-image\">\n\t\t\t\t\t\t\t\t\t\t<img loading=\"lazy\" decoding=\"async\" width=\"225\" height=\"300\" src=\"https:\/\/newdestiny.fr\/wp-content\/uploads\/2024\/03\/COLLECTE-225x300.jpg\" class=\"attachment-medium size-medium\" alt=\"\" srcset=\"https:\/\/newdestiny.fr\/wp-content\/uploads\/2024\/03\/COLLECTE-225x300.jpg 225w, https:\/\/newdestiny.fr\/wp-content\/uploads\/2024\/03\/COLLECTE-768x1024.jpg 768w, https:\/\/newdestiny.fr\/wp-content\/uploads\/2024\/03\/COLLECTE-375x500.jpg 375w, https:\/\/newdestiny.fr\/wp-content\/uploads\/2024\/03\/COLLECTE-600x800.jpg 600w, https:\/\/newdestiny.fr\/wp-content\/uploads\/2024\/03\/COLLECTE-960x1280.jpg 960w, https:\/\/newdestiny.fr\/wp-content\/uploads\/2024\/03\/COLLECTE-1152x1536.jpg 1152w, https:\/\/newdestiny.fr\/wp-content\/uploads\/2024\/03\/COLLECTE.jpg 1200w\" sizes=\"100vw\" \/>\t\t\t\t\t\t\t\t\t\t\t<\/div>\n\t\t\t\t<\/div>\n\t\t\t\t<\/div>\n\t\t\t\t\t\t<\/div>\n\t\t\t<\/div>\n\t\t<\/div>\n\t\t\t\t\t\t<\/div>\n\t\t\t<\/div>\n\t\t<\/section>\n\t\t\t\t<section class=\"elementor-element elementor-element-fb23d04 elementor-section-boxed elementor-section-height-default elementor-section-height-default elementor-section elementor-inner-section\" data-id=\"fb23d04\" data-element_type=\"section\">\n\t\t\t\t\t\t<div class=\"elementor-container elementor-column-gap-default\">\n\t\t\t\t<div class=\"elementor-row\">\n\t\t\t\t<div class=\"elementor-element elementor-element-d783a1a elementor-column elementor-col-50 elementor-inner-column\" data-id=\"d783a1a\" data-element_type=\"column\">\n\t\t\t<div class=\"elementor-column-wrap  elementor-element-populated\">\n\t\t\t\t\t<div class=\"elementor-widget-wrap\">\n\t\t\t\t<div class=\"elementor-element elementor-element-39a7386 elementor-widget elementor-widget-image\" data-id=\"39a7386\" data-element_type=\"widget\" data-widget_type=\"image.default\">\n\t\t\t\t<div class=\"elementor-widget-container\">\n\t\t\t\t\t<div class=\"elementor-image\">\n\t\t\t\t\t\t\t\t\t\t<img loading=\"lazy\" decoding=\"async\" width=\"243\" height=\"300\" src=\"https:\/\/newdestiny.fr\/wp-content\/uploads\/2024\/03\/DAISY-243x300.jpg\" class=\"attachment-medium size-medium\" alt=\"\" srcset=\"https:\/\/newdestiny.fr\/wp-content\/uploads\/2024\/03\/DAISY-243x300.jpg 243w, https:\/\/newdestiny.fr\/wp-content\/uploads\/2024\/03\/DAISY-831x1024.jpg 831w, https:\/\/newdestiny.fr\/wp-content\/uploads\/2024\/03\/DAISY-768x946.jpg 768w, https:\/\/newdestiny.fr\/wp-content\/uploads\/2024\/03\/DAISY-406x500.jpg 406w, https:\/\/newdestiny.fr\/wp-content\/uploads\/2024\/03\/DAISY-649x800.jpg 649w, https:\/\/newdestiny.fr\/wp-content\/uploads\/2024\/03\/DAISY-1039x1280.jpg 1039w, https:\/\/newdestiny.fr\/wp-content\/uploads\/2024\/03\/DAISY-1558x1920.jpg 1558w, https:\/\/newdestiny.fr\/wp-content\/uploads\/2024\/03\/DAISY-1247x1536.jpg 1247w, https:\/\/newdestiny.fr\/wp-content\/uploads\/2024\/03\/DAISY.jpg 1662w\" sizes=\"100vw\" \/>\t\t\t\t\t\t\t\t\t\t\t<\/div>\n\t\t\t\t<\/div>\n\t\t\t\t<\/div>\n\t\t\t\t\t\t<\/div>\n\t\t\t<\/div>\n\t\t<\/div>\n\t\t\t\t<div class=\"elementor-element elementor-element-fa069ed elementor-column elementor-col-50 elementor-inner-column\" data-id=\"fa069ed\" data-element_type=\"column\">\n\t\t\t<div class=\"elementor-column-wrap  elementor-element-populated\">\n\t\t\t\t\t<div class=\"elementor-widget-wrap\">\n\t\t\t\t<div class=\"elementor-element elementor-element-a75798a elementor-widget elementor-widget-heading\" data-id=\"a75798a\" data-element_type=\"widget\" data-widget_type=\"heading.default\">\n\t\t\t\t<div class=\"elementor-widget-container\">\n\t\t\t<h2 class=\"elementor-heading-title elementor-size-default\">Dons mat\u00e9riels<\/h2>\t\t<\/div>\n\t\t\t\t<\/div>\n\t\t\t\t<div class=\"elementor-element elementor-element-4b42bd6 elementor-widget elementor-widget-text-editor\" data-id=\"4b42bd6\" data-element_type=\"widget\" data-widget_type=\"text-editor.default\">\n\t\t\t\t<div class=\"elementor-widget-container\">\n\t\t\t\t\t<div class=\"elementor-text-editor elementor-clearfix\"><p><span class=\"_5yl5\">Afin d&#8217;apporter douceur, chaleur et confort aux animaux laiss\u00e9s pour compte pris en charge par nos soins, New Destiny est en recherche permanente de coussins, couvertures, plaids, panier et couchage pour animaux. Nous r\u00e9cup\u00e9rons \u00e9galement tour mat\u00e9riel li\u00e9 \u00e0 l accueil ou au soin des animaux dont vous n auriez pas\/plus utilit\u00e9 chez vous. Pour nous remettre vos dons envoyez nous un mail avec vos coordonn\u00e9es t\u00e9l\u00e9phoniques que nous puissions vous contacter. <br><\/span><\/p><\/div>\n\t\t\t\t<\/div>\n\t\t\t\t<\/div>\n\t\t\t\t\t\t<\/div>\n\t\t\t<\/div>\n\t\t<\/div>\n\t\t\t\t\t\t<\/div>\n\t\t\t<\/div>\n\t\t<\/section>\n\t\t\t\t<div class=\"elementor-element elementor-element-becb9d3 elementor-widget elementor-widget-text-editor\" data-id=\"becb9d3\" data-element_type=\"widget\" data-widget_type=\"text-editor.default\">\n\t\t\t\t<div class=\"elementor-widget-container\">\n\t\t\t\t\t<div class=\"elementor-text-editor elementor-clearfix\"><p>\u00a0<\/p><p><span class=\"_5yl5\">Un grand merci \u00e0 toutes celles et ceux qui nous soutiennent, vous \u00eates l&#8217;essence m\u00eame de la vie de notre association.<\/span><\/p><\/div>\n\t\t\t\t<\/div>\n\t\t\t\t<\/div>\n\t\t\t\t\t\t<\/div>\n\t\t\t<\/div>\n\t\t<\/div>\n\t\t\t\t\t\t<\/div>\n\t\t\t<\/div>\n\t\t<\/section>\n\t\t\t\t\t\t<\/div>\n\t\t\t<\/div>\n\t\t<\/div>\n\t\t","protected":false},"excerpt":{"rendered":"<p>Nos Besoins De la volont\u00e9, du coeur, de l&#8217;investissement au quotidien possible qu&#8217;avec la bienveillance et le soutien de nos pr\u00e9cieux donateurs. La r\u00e9alit\u00e9 n&#8217;est pas uniquement synonyme de philosophie car sans moyen aucune de nos actions pour les animaux ne serait possible. Vous voulez nous soutenir, nous donner les armes pour lutter pour eux, &hellip; <\/p>\n<p class=\"link-more\"><a href=\"https:\/\/newdestiny.fr\/?page_id=12276\" class=\"more-link\">Continue reading<span class=\"screen-reader-text\"> &#8220;Dons&#8221;<\/span><\/a><\/p>\n","protected":false},"author":5,"featured_media":14523,"parent":0,"menu_order":0,"comment_status":"closed","ping_status":"closed","template":"","meta":{"footnotes":""},"_links":{"self":[{"href":"https:\/\/newdestiny.fr\/index.php?rest_route=\/wp\/v2\/pages\/12276"}],"collection":[{"href":"https:\/\/newdestiny.fr\/index.php?rest_route=\/wp\/v2\/pages"}],"about":[{"href":"https:\/\/newdestiny.fr\/index.php?rest_route=\/wp\/v2\/types\/page"}],"author":[{"embeddable":true,"href":"https:\/\/newdestiny.fr\/index.php?rest_route=\/wp\/v2\/users\/5"}],"replies":[{"embeddable":true,"href":"https:\/\/newdestiny.fr\/index.php?rest_route=%2Fwp%2Fv2%2Fcomments&post=12276"}],"version-history":[{"count":12,"href":"https:\/\/newdestiny.fr\/index.php?rest_route=\/wp\/v2\/pages\/12276\/revisions"}],"predecessor-version":[{"id":14531,"href":"https:\/\/newdestiny.fr\/index.php?rest_route=\/wp\/v2\/pages\/12276\/revisions\/14531"}],"wp:featuredmedia":[{"embeddable":true,"href":"https:\/\/newdestiny.fr\/index.php?rest_route=\/wp\/v2\/media\/14523"}],"wp:attachment":[{"href":"https:\/\/newdestiny.fr\/index.php?rest_route=%2Fwp%2Fv2%2Fmedia&parent=12276"}],"curies":[{"name":"wp","href":"https:\/\/api.w.org\/{rel}","templated":true}]}}