{"id":12318,"date":"2019-10-18T14:16:31","date_gmt":"2019-10-18T12:16:31","guid":{"rendered":"http:\/\/newdestiny.fr\/?page_id=12318"},"modified":"2024-03-25T08:48:43","modified_gmt":"2024-03-25T07:48:43","slug":"modalites-dadoption","status":"publish","type":"page","link":"https:\/\/newdestiny.fr\/?page_id=12318","title":{"rendered":"Modalit\u00e9s d&#8217;adoption"},"content":{"rendered":"\t\t<div data-elementor-type=\"wp-page\" data-elementor-id=\"12318\" class=\"elementor elementor-12318\" data-elementor-settings=\"[]\">\n\t\t\t<div class=\"elementor-inner\">\n\t\t\t\t<div class=\"elementor-section-wrap\">\n\t\t\t\t\t\t\t<section class=\"elementor-element elementor-element-511c41c elementor-section-boxed elementor-section-height-default elementor-section-height-default elementor-section elementor-top-section\" data-id=\"511c41c\" data-element_type=\"section\">\n\t\t\t\t\t\t<div class=\"elementor-container elementor-column-gap-default\">\n\t\t\t\t<div class=\"elementor-row\">\n\t\t\t\t<div class=\"elementor-element elementor-element-3558190 elementor-column elementor-col-100 elementor-top-column\" data-id=\"3558190\" data-element_type=\"column\">\n\t\t\t<div class=\"elementor-column-wrap  elementor-element-populated\">\n\t\t\t\t\t<div class=\"elementor-widget-wrap\">\n\t\t\t\t<div class=\"elementor-element elementor-element-be66f24 elementor-widget elementor-widget-heading\" data-id=\"be66f24\" data-element_type=\"widget\" data-widget_type=\"heading.default\">\n\t\t\t\t<div class=\"elementor-widget-container\">\n\t\t\t<h2 class=\"elementor-heading-title elementor-size-default\">Modalit\u00e9s d'adoption<\/h2>\t\t<\/div>\n\t\t\t\t<\/div>\n\t\t\t\t<div class=\"elementor-element elementor-element-3472b4a elementor-widget elementor-widget-text-editor\" data-id=\"3472b4a\" data-element_type=\"widget\" data-widget_type=\"text-editor.default\">\n\t\t\t\t<div class=\"elementor-widget-container\">\n\t\t\t\t\t<div class=\"elementor-text-editor elementor-clearfix\"><div dir=\"auto\">New Destiny rappelle que la d\u00e9marche d&#8217;adoption doit \u00eatre le fruit d&#8217;une r\u00e9flexion pos\u00e9e. Accueillir un animal au sein de son foyer repr\u00e9sente des devoirs mais aussi des obligations. Cet animal que vous allez adopter n&#8217;est ni une peluche ni un jouet : c&#8217;est un \u00eatre vivant qui a besoin d&#8217;aimer et d&#8217;\u00eatre aimer.<\/div><div dir=\"auto\">Nous sommes l\u00e0 pour vous guider, vous \u00e9couter, vous \u00e9pauler dans votre d\u00e9marche.<\/div><div dir=\"auto\">Unique garant de la s\u00e9curit\u00e9 et du bonheur futur nous sommes rigoureux sur nos placements et de ce fait souhaitons exposer pour vous quelques conditions incontournables \u00e0 l&#8217;adoption.<\/div><div dir=\"auto\">\u00a0<\/div><div dir=\"auto\">Pour toutes adoptions les documents \u00e0 fournir \u00e0 l&#8217;association sont :<\/div><div dir=\"auto\">\u00a0<\/div><ul><li dir=\"auto\">Photocopie de pi\u00e8ce d identit\u00e9 ou passeport ( recto verso )<\/li><li dir=\"auto\">Photocopie de justificatif de domicile datant de moins de 3 mois\u00a0<\/li><\/ul><div dir=\"auto\">\u00catre famille adoptante est un engagement s\u00e9rieux. Il en va du bien-\u00eatre physique et psychologique de l&#8217;animal qui a le plus souvent connu un pass\u00e9 difficile ou une s\u00e9paration d\u00e9chirante et dont la famille adoptante sera sa chance de retrouver une stabilit\u00e9 affective et sociale pereine. C&#8217;est pourquoi avant de s&#8217;engager il faut bien r\u00e9fl\u00e9chir \u00e0 son environnement d&#8217;accueil, on mode de vie et pr\u00e9voir ses d\u00e9parts en vacances, l&#8217;arriv\u00e9e d&#8217;invit\u00e9s, un d\u00e9m\u00e9nagement, un futur b\u00e9b\u00e9, un futur divorce etc.\u00a0<\/div><div dir=\"auto\">\u00a0<\/div><div dir=\"auto\">En adoptant chez New Destiny vous vois engager \u00e0 ne pas laisser dormir l&#8217;animal hors de votre domicile, en niche chenil ou chatterie et votre animal ne devra pas \u00eatre maintenu \u00e0 une corde ou une cha\u00eene.<\/div><div dir=\"auto\">\u00a0<\/div><div dir=\"auto\">L&#8217;adoptant s&#8217;engage \u00e0 accueillir au sein de son foyer l&#8217;animal toute sa vie durant et lui dispenser soins, affection et \u00e9ducation. L&#8217;adoptant ne peut en aucun cas ceder l&#8217;animal par un don, ni le vendre \u00e0 autrui.<\/div><div dir=\"auto\">Si l adoptant est dans l&#8217;obligation de se s\u00e9parer de l&#8217;animal suite \u00e0 des difficult\u00e9s il s&#8217;engage \u00e0 toujours pr\u00e9venir New Destiny qui s&#8217;engagera \u00e0 son tour \u00e0 tout mettre en oeuvre pour replacer l&#8217;animal soit en famille d accueil soit chez un adoptant compatible avec les besoins de l&#8217;animal.<\/div><div dir=\"auto\">\u00a0<\/div><div dir=\"auto\">L&#8217;association interdit formellement l&#8217;euthanasie de l&#8217;animal. Il y a peut y avoir 2 exceptions :<\/div><div dir=\"auto\">&#8211; en cas de sant\u00e9 irr\u00e9cup\u00e9rable et engendrant des souffrances, d\u00fbment attest\u00e9 par un certificat v\u00e9t\u00e9rinaire\u00a0<\/div><div dir=\"auto\">&#8211; si l&#8217;animal est d\u00e9clar\u00e9 dangereux par au moins deux v\u00e9t\u00e9rinaires et un \u00e9ducateur animalier agr\u00e9\u00e9.<\/div><div dir=\"auto\">\u00a0<\/div><div dir=\"auto\">L&#8217;association s&#8217;oppose fortement \u00e0 ce que l&#8217;animal adopt\u00e9 \u00e0 l&#8217;association vagabonde. Nous rappelons que l&#8217;errance de l&#8217;animal est r\u00e9primander par la loi.<\/div><div dir=\"auto\">\u00a0<\/div><div dir=\"auto\">En cas de fugue de l&#8217;animal adopt\u00e9, l&#8217;adoptant s&#8217;engage \u00e0 pr\u00e9venir imm\u00e9diatement l&#8217;association par un appel et un mail en pr\u00e9cisant les circonstances de la disparition. L&#8217; adoptant se voit dans l&#8217;obligation de tout mettre en oeuvre pour le retrouver (signalement aupr\u00e8s des v\u00e9t\u00e9rinaires du secteur, Refuge et SPA, fourrieres, ICAD, voisinage&#8230; ). Si l&#8217;animal venait \u00e0 \u00eatre retrouv\u00e9 d\u00e9c\u00e9der la famille devra pr\u00e9venir l&#8217;association.<\/div><div dir=\"auto\">\u00a0<\/div><div dir=\"auto\">L&#8217;adoptant s&#8217;engage \u00e0 faire tous les ans les vaccins afin de garantir le bon \u00e9tat sanitaire de l&#8217;animal. Nous conseillons \u00e9galement d effectuer en plus de la vaccination classique la vaccination antirabique permettant ainsi une plus grande libert\u00e9 de d\u00e9placement de la part des propri\u00e9taires.<\/div><div dir=\"auto\">\u00a0<\/div><div dir=\"auto\">En cas de maladie ult\u00e9rieure a l&#8217;adoption, l&#8217;association se d\u00e9charge de toute responsabilit\u00e9. En effet, au vue de ses moyens financiers et des origines, pass\u00e9 divers des animaux, l&#8217;association se voit dans l&#8217;impossibilit\u00e9 de garantir un \u00e9tat de sant\u00e9 optimal. Les v\u00e9t\u00e9rinaires de l&#8217;association contr\u00f4le chacun de nos pensionnaires et signalent toutes probl\u00e9matiques visibles \u00e0 l\u2019auscultation permettant ainsi \u00e0 l&#8217;adoptant un choix de d\u00e9marche d&#8217;adoption \u00e9clair\u00e9.<\/div><div dir=\"auto\">\u00a0<\/div><div dir=\"auto\">Les frais occasionn\u00e9s pour l&#8217;animal (nourriture, v\u00e9t\u00e9rinaire&#8230;) ult\u00e9rieurs \u00e0 l&#8217;adoption ne seront en aucun cas rembours\u00e9s par l&#8217;association m\u00eame si l&#8217;animal devait \u00eatre restitu\u00e9 \u00e0 cette derni\u00e8re.<\/div><div dir=\"auto\">\u00a0<\/div><div dir=\"auto\">L&#8217;animal demeure la &#8220;propri\u00e9t\u00e9&#8221; de l&#8217;association jusqu&#8217;\u00e0 sa st\u00e9rilisation si cette derni\u00e8re n \u00e0 pas pu avoir lieu avant le jour de l&#8217;adoption (animal trop jeune, animal en p\u00e9riode de chaleur&#8230;).\u00a0<\/div><div dir=\"auto\">Dans le cas o\u00f9 l animal est adopt\u00e9 non st\u00e9rilis\u00e9, New Destiny place ce dernier sous contrat avec clause suspensive li\u00e9e \u00e0 la st\u00e9rilisation. Si l&#8217;association juge que la famille adoptante ne prends pas les mesures les plus adapt\u00e9es pour l&#8217;animal ans les d\u00e9lais qui lui incombe, l&#8217;association sera dans l&#8217;obligation d&#8217;envoyer une mise en demeure par lettre recommand\u00e9e avec accus\u00e9 de r\u00e9ception. Sans r\u00e9ponse de la part de la famille, le ch\u00e8que de caution sera encaiss\u00e9 par l&#8217;association et celle-ci fera la demande d&#8217;une proc\u00e9dure en r\u00e9f\u00e9r\u00e9 pour le retrait pur et simple de l&#8217;animal.<\/div><div dir=\"auto\">La carte d identification (ICAD) sera remise \u00e0 l&#8217;adoptante qu&#8217;apr\u00e8s st\u00e9rilisation.<\/div><div dir=\"auto\">\u00a0<\/div><div dir=\"auto\">L&#8217;adoptant s&#8217;engage a communiquer \u00e0 l&#8217;association chacun de ses changements d&#8217;adresse dans les plus brefs d\u00e9lais.<\/div><div dir=\"auto\">\u00a0<\/div><div dir=\"auto\">Nos pensionnaires sont plac\u00e9s uniquement pour la compagnie, de ce fait l&#8217;adoptant s&#8217;engage a ne pas adopter l&#8217;animal afin de faire du gardiennage ou \u00e0 ne pas l&#8217;utiliser dans le cadre de son emploi.<\/div><div dir=\"auto\">\u00a0<\/div><div dir=\"auto\">Nous apportons une grande importance \u00e0 nos pensionnaires et demandons \u00e0 l adoptant de nous envoyer des nouvelles de l&#8217;animal.\u00a0<\/div><div dir=\"auto\">\u00a0<\/div><div dir=\"auto\">En signant le contrat d&#8217;adoption la famille accepte qu une visite soit faite \u00e0 son domicile afin de constater que l&#8217;animal va bien et que ses conditions de d\u00e9tention ne vont pas \u00e0 l&#8217;encontre de son bien-\u00eatre.\u00a0<\/div><div dir=\"auto\">Dans le cas cas ou l&#8217;animal n&#8217;est pas d\u00e9tenu dans de bonnes conditions, l&#8217;association se voit en droit de retirer l&#8217;animal.<\/div><div dir=\"auto\">\u00a0<\/div><div dir=\"auto\">En cas de non respect de l&#8217;ensemble des clauses du contrat ainsi que des textes de loi en vigueur New Destiny s&#8217;autorise \u00e0 reprendre l&#8217;animal.<\/div><\/div>\n\t\t\t\t<\/div>\n\t\t\t\t<\/div>\n\t\t\t\t\t\t<\/div>\n\t\t\t<\/div>\n\t\t<\/div>\n\t\t\t\t\t\t<\/div>\n\t\t\t<\/div>\n\t\t<\/section>\n\t\t\t\t\t\t<\/div>\n\t\t\t<\/div>\n\t\t<\/div>\n\t\t","protected":false},"excerpt":{"rendered":"<p>Modalit\u00e9s d&#8217;adoption New Destiny rappelle que la d\u00e9marche d&#8217;adoption doit \u00eatre le fruit d&#8217;une r\u00e9flexion pos\u00e9e. Accueillir un animal au sein de son foyer repr\u00e9sente des devoirs mais aussi des obligations. Cet animal que vous allez adopter n&#8217;est ni une peluche ni un jouet : c&#8217;est un \u00eatre vivant qui a besoin d&#8217;aimer et d&#8217;\u00eatre &hellip; <\/p>\n<p class=\"link-more\"><a href=\"https:\/\/newdestiny.fr\/?page_id=12318\" class=\"more-link\">Continue reading<span class=\"screen-reader-text\"> &#8220;Modalit\u00e9s d&#8217;adoption&#8221;<\/span><\/a><\/p>\n","protected":false},"author":5,"featured_media":0,"parent":0,"menu_order":0,"comment_status":"closed","ping_status":"closed","template":"","meta":{"footnotes":""},"_links":{"self":[{"href":"https:\/\/newdestiny.fr\/index.php?rest_route=\/wp\/v2\/pages\/12318"}],"collection":[{"href":"https:\/\/newdestiny.fr\/index.php?rest_route=\/wp\/v2\/pages"}],"about":[{"href":"https:\/\/newdestiny.fr\/index.php?rest_route=\/wp\/v2\/types\/page"}],"author":[{"embeddable":true,"href":"https:\/\/newdestiny.fr\/index.php?rest_route=\/wp\/v2\/users\/5"}],"replies":[{"embeddable":true,"href":"https:\/\/newdestiny.fr\/index.php?rest_route=%2Fwp%2Fv2%2Fcomments&post=12318"}],"version-history":[{"count":4,"href":"https:\/\/newdestiny.fr\/index.php?rest_route=\/wp\/v2\/pages\/12318\/revisions"}],"predecessor-version":[{"id":14492,"href":"https:\/\/newdestiny.fr\/index.php?rest_route=\/wp\/v2\/pages\/12318\/revisions\/14492"}],"wp:attachment":[{"href":"https:\/\/newdestiny.fr\/index.php?rest_route=%2Fwp%2Fv2%2Fmedia&parent=12318"}],"curies":[{"name":"wp","href":"https:\/\/api.w.org\/{rel}","templated":true}]}}