{"id":12677,"date":"2019-11-20T19:20:23","date_gmt":"2019-11-20T18:20:23","guid":{"rendered":"http:\/\/newdestiny.fr\/?page_id=12677"},"modified":"2024-05-09T12:26:11","modified_gmt":"2024-05-09T10:26:11","slug":"famille-dacceuil","status":"publish","type":"page","link":"https:\/\/newdestiny.fr\/?page_id=12677","title":{"rendered":"Famille D&#8217;accueil"},"content":{"rendered":"\t\t<div data-elementor-type=\"wp-page\" data-elementor-id=\"12677\" class=\"elementor elementor-12677\" data-elementor-settings=\"[]\">\n\t\t\t<div class=\"elementor-inner\">\n\t\t\t\t<div class=\"elementor-section-wrap\">\n\t\t\t\t\t\t\t<section class=\"elementor-element elementor-element-659d258 elementor-section-boxed elementor-section-height-default elementor-section-height-default elementor-section elementor-top-section\" data-id=\"659d258\" data-element_type=\"section\">\n\t\t\t\t\t\t<div class=\"elementor-container elementor-column-gap-default\">\n\t\t\t\t<div class=\"elementor-row\">\n\t\t\t\t<div class=\"elementor-element elementor-element-80cdb7f elementor-column elementor-col-100 elementor-top-column\" data-id=\"80cdb7f\" data-element_type=\"column\">\n\t\t\t<div class=\"elementor-column-wrap  elementor-element-populated\">\n\t\t\t\t\t<div class=\"elementor-widget-wrap\">\n\t\t\t\t<div class=\"elementor-element elementor-element-047db7c elementor-widget elementor-widget-heading\" data-id=\"047db7c\" data-element_type=\"widget\" data-widget_type=\"heading.default\">\n\t\t\t\t<div class=\"elementor-widget-container\">\n\t\t\t<h1 class=\"elementor-heading-title elementor-size-default\">Famille d'accueil<\/h1>\t\t<\/div>\n\t\t\t\t<\/div>\n\t\t\t\t\t\t<\/div>\n\t\t\t<\/div>\n\t\t<\/div>\n\t\t\t\t\t\t<\/div>\n\t\t\t<\/div>\n\t\t<\/section>\n\t\t\t\t<section class=\"elementor-element elementor-element-1f12af6 elementor-section-boxed elementor-section-height-default elementor-section-height-default elementor-section elementor-top-section\" data-id=\"1f12af6\" data-element_type=\"section\">\n\t\t\t\t\t\t<div class=\"elementor-container elementor-column-gap-default\">\n\t\t\t\t<div class=\"elementor-row\">\n\t\t\t\t<div class=\"elementor-element elementor-element-7b38ca1 elementor-column elementor-col-100 elementor-top-column\" data-id=\"7b38ca1\" data-element_type=\"column\">\n\t\t\t<div class=\"elementor-column-wrap  elementor-element-populated\">\n\t\t\t\t\t<div class=\"elementor-widget-wrap\">\n\t\t\t\t<div class=\"elementor-element elementor-element-affc059 elementor-widget elementor-widget-text-editor\" data-id=\"affc059\" data-element_type=\"widget\" data-widget_type=\"text-editor.default\">\n\t\t\t\t<div class=\"elementor-widget-container\">\n\t\t\t\t\t<div class=\"elementor-text-editor elementor-clearfix\"><div dir=\"auto\"><span style=\"background-color: transparent; font-size: 1rem;\">New Destiny n&#8217;a pas de refuge et fonctionne uniquement avec la passion la bienveillance la motivation et l&#8217;implication de son \u00e9quipe de famille d&#8217;accueil. Les demandes d&#8217;abandon et de prise en charge se multiplient et nos murs ne sont pas extensibles. Nous, ils ont besoin de vous.<\/span><\/div><\/div>\n\t\t\t\t<\/div>\n\t\t\t\t<\/div>\n\t\t\t\t<div class=\"elementor-element elementor-element-e5e3761 elementor-widget elementor-widget-heading\" data-id=\"e5e3761\" data-element_type=\"widget\" data-widget_type=\"heading.default\">\n\t\t\t\t<div class=\"elementor-widget-container\">\n\t\t\t<h2 class=\"elementor-heading-title elementor-size-default\">Qu'est ce qu'une famille d accueil ?<\/h2>\t\t<\/div>\n\t\t\t\t<\/div>\n\t\t\t\t<div class=\"elementor-element elementor-element-b32b602 elementor-widget elementor-widget-text-editor\" data-id=\"b32b602\" data-element_type=\"widget\" data-widget_type=\"text-editor.default\">\n\t\t\t\t<div class=\"elementor-widget-container\">\n\t\t\t\t\t<div class=\"elementor-text-editor elementor-clearfix\"><div dir=\"auto\"><span style=\"vertical-align: inherit;\"><span style=\"vertical-align: inherit;\">Un b\u00e9n\u00e9vole aimant et bienveillant \u00e0 qui l&#8217;association confie un animal abandonn\u00e9, maltrait\u00e9 ou issue de sauvetage en attendant que l&#8217;association lui trouve une famille adoptante d\u00e9finitive et p\u00e9renne correspondant \u00e0 ses besoins.<\/span><\/span><\/div><div dir=\"auto\">\u00a0<\/div><div dir=\"auto\"><span style=\"vertical-align: inherit;\"><span style=\"vertical-align: inherit;\">Nous privil\u00e9gions les familles d&#8217;accueil dans les d\u00e9partements suivants :\u00a0<\/span><\/span><\/div><div dir=\"auto\">\u00a0<\/div><div dir=\"auto\"><span style=\"vertical-align: inherit;\"><span style=\"vertical-align: inherit;\">01 Ain (limitrophe 74 ou 73)<\/span><\/span><\/div><div dir=\"auto\"><span style=\"vertical-align: inherit;\"><span style=\"vertical-align: inherit;\">04 Alpes de haute Provence\u00a0<\/span><\/span><\/div><div dir=\"auto\"><span style=\"vertical-align: inherit;\"><span style=\"vertical-align: inherit;\">13 Bouches du Rh\u00f4ne\u00a0<\/span><\/span><\/div><div dir=\"auto\"><span style=\"vertical-align: inherit;\"><span style=\"vertical-align: inherit;\">73 Savoie<\/span><\/span><\/div><div dir=\"auto\"><span style=\"vertical-align: inherit;\"><span style=\"vertical-align: inherit;\">74 Haute-Savoie<\/span><\/span><\/div><div dir=\"auto\"><span style=\"vertical-align: inherit;\"><span style=\"vertical-align: inherit;\">84 Vaucluse<\/span><\/span><\/div><div dir=\"auto\">\u00a0<\/div><div dir=\"auto\"><span style=\"vertical-align: inherit;\"><span style=\"vertical-align: inherit;\">Vous souhaiteriez contribuer \u00e0 sauver des vies, vous \u00eates pr\u00eats \u00e0 donner de l&#8217;amour temporairement \u00e0 un animal sans famille, alors votre place et \u00e0 nos c\u00f4t\u00e9s.<\/span><\/span><\/div><div dir=\"auto\">\u00a0<\/div><div dir=\"auto\"><span style=\"vertical-align: inherit;\"><span style=\"vertical-align: inherit;\">De nombreux chiens et chats sont en attente de lieux pour \u00eatre pris en charge.<\/span><\/span><\/div><div dir=\"auto\">\u00a0<\/div><div dir=\"auto\"><span style=\"vertical-align: inherit;\"><span style=\"vertical-align: inherit;\">L&#8217;int\u00e9gralit\u00e9 des frais v\u00e9t\u00e9rinaires et une aide aux frais d&#8217;alimentation est apport\u00e9e \u00e0 la famille d&#8217;accueil pendant tout le temps de l&#8217;accueil par l&#8217;Association.<\/span><\/span><\/div><div dir=\"auto\"><span style=\"vertical-align: inherit;\"><span style=\"vertical-align: inherit;\">\u00a0<\/span><\/span><\/div><div dir=\"auto\">\ud83d\udce9<strong> <a href=\"mailto:newdestiny.protectionanimale@gmail.com\"><span style=\"vertical-align: inherit;\"><span style=\"vertical-align: inherit;\">Nous contacter<\/span><\/span><\/a><\/strong><\/div><\/div>\n\t\t\t\t<\/div>\n\t\t\t\t<\/div>\n\t\t\t\t\t\t<\/div>\n\t\t\t<\/div>\n\t\t<\/div>\n\t\t\t\t\t\t<\/div>\n\t\t\t<\/div>\n\t\t<\/section>\n\t\t\t\t\t\t<\/div>\n\t\t\t<\/div>\n\t\t<\/div>\n\t\t","protected":false},"excerpt":{"rendered":"<p>Famille d&#8217;accueil New Destiny n&#8217;a pas de refuge et fonctionne uniquement avec la passion la bienveillance la motivation et l&#8217;implication de son \u00e9quipe de famille d&#8217;accueil. Les demandes d&#8217;abandon et de prise en charge se multiplient et nos murs ne sont pas extensibles. Nous, ils ont besoin de vous. Qu&#8217;est ce qu&#8217;une famille d accueil &hellip; <\/p>\n<p class=\"link-more\"><a href=\"https:\/\/newdestiny.fr\/?page_id=12677\" class=\"more-link\">Continue reading<span class=\"screen-reader-text\"> &#8220;Famille D&#8217;accueil&#8221;<\/span><\/a><\/p>\n","protected":false},"author":5,"featured_media":0,"parent":0,"menu_order":0,"comment_status":"closed","ping_status":"closed","template":"","meta":{"footnotes":""},"_links":{"self":[{"href":"https:\/\/newdestiny.fr\/index.php?rest_route=\/wp\/v2\/pages\/12677"}],"collection":[{"href":"https:\/\/newdestiny.fr\/index.php?rest_route=\/wp\/v2\/pages"}],"about":[{"href":"https:\/\/newdestiny.fr\/index.php?rest_route=\/wp\/v2\/types\/page"}],"author":[{"embeddable":true,"href":"https:\/\/newdestiny.fr\/index.php?rest_route=\/wp\/v2\/users\/5"}],"replies":[{"embeddable":true,"href":"https:\/\/newdestiny.fr\/index.php?rest_route=%2Fwp%2Fv2%2Fcomments&post=12677"}],"version-history":[{"count":12,"href":"https:\/\/newdestiny.fr\/index.php?rest_route=\/wp\/v2\/pages\/12677\/revisions"}],"predecessor-version":[{"id":14736,"href":"https:\/\/newdestiny.fr\/index.php?rest_route=\/wp\/v2\/pages\/12677\/revisions\/14736"}],"wp:attachment":[{"href":"https:\/\/newdestiny.fr\/index.php?rest_route=%2Fwp%2Fv2%2Fmedia&parent=12677"}],"curies":[{"name":"wp","href":"https:\/\/api.w.org\/{rel}","templated":true}]}}